{"id":21479,"date":"2021-03-11T16:59:42","date_gmt":"2021-03-11T16:59:42","guid":{"rendered":"https:\/\/convosphere.com\/?page_id=21479"},"modified":"2023-10-13T16:03:01","modified_gmt":"2023-10-13T16:03:01","slug":"contacto","status":"publish","type":"page","link":"https:\/\/convosphere.com\/es\/contacto\/","title":{"rendered":"Contacto"},"content":{"rendered":"<div class=\"wpb-content-wrapper\"><p>[vc_row enable_gradient=\u00bbyes\u00bb enable_row_dividers=\u00bbyes\u00bb css=\u00bb.vc_custom_1601026932327{padding-top: 150px !important;padding-bottom: 170px !important;background-position: center !important;background-repeat: no-repeat !important;background-size: cover !important;}\u00bb gradient_bg=\u00bb-webkit-linear-gradient(65deg, rgb(0, 163, 178) 0%, rgb(39, 104, 158) 100%)\u00bb responsive_css=\u00bbpadding_top_medium:140px|padding_bottom_medium:170px\u00bb row_svg_divider=\u00bbbottom_shape_type:2|bottom_shape_color:%23f3f5f8|bottom_shape_height:90&#8243;][vc_column enable_content_animation=\u00bbyes\u00bb ca_init_scale_x=\u00bb1&#8243; ca_init_scale_y=\u00bb1&#8243; ca_init_scale_z=\u00bb1&#8243; ca_init_opacity=\u00bb0&#8243; ca_an_scale_x=\u00bb1&#8243; ca_an_scale_y=\u00bb1&#8243; ca_an_scale_z=\u00bb1&#8243; ca_an_opacity=\u00bb1&#8243; align=\u00bbtext-center\u00bb offset=\u00bbvc_col-md-offset-2 vc_col-md-8&#8243; ca_duration=\u00bb1200&#8243; ca_delay=\u00bb150&#8243; ca_init_translate_y=\u00bb81&#8243; ca_init_rotate_z=\u00bb2&#8243; css=\u00bb.vc_custom_1590756709358{margin-top: -50px !important;}\u00bb]<style>.ld_fancy_heading_69d6b9541bd3f h1{color:rgb(255, 255, 255);}.ld_fancy_heading_69d6b9541bd3f .lqd-highlight-inner{height:0.275em;bottom:0px;}<\/style><div class=\"ld-fancy-heading ld_fancy_heading_69d6b9541bd3f\">\n\t<h1 class=\"lqd-highlight-underline lqd-highlight-grow-left h1\" data-fittext=\"true\" data-fittext-options='{\"compressor\":0.5,\"maxFontSize\":\"currentFontSize\",\"minFontSize\":\"35\"}' data-split-text=\"true\" data-custom-animations=\"true\" data-ca-options='{\"triggerHandler\":\"inview\",\"animationTarget\":\".lqd-lines .split-inner\",\"duration\":700,\"delay\":100,\"easing\":\"easeOutQuint\",\"direction\":\"forward\",\"initValues\":{\"scale\":1},\"animations\":{\"scale\":1}}' data-split-options='{\"type\":\"lines\"}'><span class=\"ld-fh-txt\"> <b>Contacto<\/b><\/span><\/h1><\/div><style>.ld_fancy_heading_69d6b9541c59d p{font-size:18px;line-height:1.764em;font-weight:600;color:rgba(255, 255, 255, 0.75);}.ld_fancy_heading_69d6b9541c59d p {margin-bottom:3em !important;  } .ld_fancy_heading_69d6b9541c59d .lqd-highlight-inner{height:0.275em;bottom:0px;}.ld_fancy_heading_69d6b9541c59d p {margin-bottom:3em !important;  } <\/style><div class=\"ld-fancy-heading ld_fancy_heading_69d6b9541c59d\">\n\t<p class=\"lqd-highlight-underline lqd-highlight-grow-left\" data-split-text=\"true\" data-custom-animations=\"true\" data-ca-options='{\"triggerHandler\":\"inview\",\"animationTarget\":\".lqd-lines .split-inner\",\"duration\":700,\"delay\":100,\"easing\":\"easeOutQuint\",\"direction\":\"forward\",\"initValues\":{\"scale\":1},\"animations\":{\"scale\":1}}' data-split-options='{\"type\":\"lines\"}'><span class=\"ld-fh-txt\"> <\/p>\n<p style=\"text-align: left\"><span style=\"font-weight: 400\">Ponte en contacto para iniciar una conversaci\u00f3n con nuestros analistas. Cont\u00e1ctanos para conocer mejor c\u00f3mo podemos ayudarte a culminar tu pr\u00f3ximo proyecto global de social insights.<\/span><\/p>\n<p><\/span><\/p><\/div><style>.ld_button_69d6b9541ca46 .btn-icon{color:rgb(255, 255, 255);font-size:30px;width:60px !important;height:60px !important;}.ld_button_69d6b9541ca46:hover .btn-icon{color:#0b1c47;}.ld_button_69d6b9541ca46.btn-icon-solid .btn-icon{background:rgba(255, 255, 255, 0);}.ld_button_69d6b9541ca46.btn-icon-solid:hover .btn-icon{background:rgba(255, 255, 255, 0.7);}.ld_button_69d6b9541ca46:hover{color:rgba(255, 255, 255, 0.7);}.ld_button_69d6b9541ca46:hover .btn-txt{background:-webkit-linear-gradient(to right, rgba(255, 255, 255, 0.7) 0%, rgba(255, 255, 255, 0.51) 100%);background:linear-gradient(to right, rgba(255, 255, 255, 0.7) 0%, rgba(255, 255, 255, 0.51) 100%);}.ld_button_69d6b9541ca46:hover:not(.btn-icon-solid) .btn-icon i{background:-webkit-linear-gradient(to right, rgba(255, 255, 255, 0.7) 0%, rgba(255, 255, 255, 0.51) 100%);background:linear-gradient(to right, rgba(255, 255, 255, 0.7) 0%, rgba(255, 255, 255, 0.51) 100%);}.ld_button_69d6b9541ca46.btn-icon-solid .btn-icon .btn-gradient-bg-hover{background:-webkit-linear-gradient(to right, rgba(255, 255, 255, 0.7) 0%, rgba(255, 255, 255, 0.51) 100%);background:linear-gradient(to right, rgba(255, 255, 255, 0.7) 0%, rgba(255, 255, 255, 0.51) 100%);}.ld_button_69d6b9541ca46{color:rgb(255, 255, 255);font-size:19px !important;letter-spacing:0.025em !important;}.ld_button_69d6b9541ca46.btn .btn-txt, .ld_button_69d6b9541ca46.btn .btn-txt{color:rgb(255, 255, 255);background:none;text-fill-color:currentcolor !important;-webkit-text-fill-color:currentcolor !important;background-clip:border-box !important;-webkit-background-clip:border-box !important;}<\/style><a href=\"#\" class=\"btn btn-naked btn-gradient btn-icon-block btn-icon-top btn-icon-custom-size btn-icon-circle btn-icon-solid btn-icon-ripple ld_button_69d6b9541ca46\" data-localscroll=\"true\" data-localscroll-options=\"{&quot;scrollBelowSection&quot;:true,&quot;scrollSpeed&quot;:&quot;300&quot;}\">\n\t<span>\n\t\t\n\t\t\t\n\t<span class=\"btn-icon\"><span class=\"btn-gradient-bg btn-gradient-bg-hover\"><\/span><i class=\"icon-ion-ios-arrow-down\"><\/i><\/span>\t\t\t<\/span>\n<\/a>\n[\/vc_column][\/vc_row][vc_row css=\u00bb.vc_custom_1590755791069{padding-top: 80px !important;padding-bottom: 80px !important;}\u00bb][vc_column][vc_row_inner][vc_column_inner width=\u00bb1\/3&#8243;]<style>.ld_section_title_69d6b9541ce5a h2{font-size:42px;font-weight:700;margin-bottom:1px !important;;}<\/style><header class=\"fancy-title ld_section_title_69d6b9541ce5a\">\n\t<h2>Cont\u00e1ctanos<\/h2>\t<p class=\"\">\u00bfTienes alguna pregunta o simplemente inter\u00e9s en conocer m\u00e1s? Ponte en contacto hoy mismo.<\/p>\t<\/header><style>.ld_button_69d6b9541cfeb.btn-icon-solid .btn-icon{background:#0b1c47;}.ld_button_69d6b9541cfeb.btn-icon-circle.btn-icon-ripple .btn-icon:before{border-color:#0b1c47;}.ld_button_69d6b9541cfeb.btn-icon-solid:hover .btn-icon{background:#39b9bf;}.ld_button_69d6b9541cfeb .btn-icon{color:#0b1c47;margin-right:9px !important;}.ld_button_69d6b9541cfeb{color:#0b1c47;font-size:14px !important;font-weight:600 !important;letter-spacing:0.02em !important;}.ld_button_69d6b9541cfeb:hover{color:#39b9bf;}.ld_button_69d6b9541cfeb:before{background:-webkit-linear-gradient(to right, #39b9bf 0%, #27689e 100%);background:linear-gradient(to right, #39b9bf 0%, #27689e 100%);}.ld_button_69d6b9541cfeb:after{background:-webkit-linear-gradient(to right, #0b1c47 0%, #27689e 100%);background:linear-gradient(to right, #0b1c47 0%, #27689e 100%);}.ld_button_69d6b9541cfeb.btn-bordered{border-color:#39b9bf;}.ld_button_69d6b9541cfeb.btn-bordered:hover{border-color:#0b1c47;}<\/style><a href=\"mailto:info@convosphere.com\" class=\"btn btn-underlined btn-bordered border-thin btn-bordered-gradient btn-icon-left ld_button_69d6b9541cfeb\">\n\t<span>\n\t\t\n\t\t\t\t\t<span class=\"btn-txt\">info@convosphere.com<\/span>\n\t\t\t\n\t<span class=\"btn-icon\"><i class=\"icon-et-envelope\"><\/i><\/span>\t\t\t<\/span>\n<\/a>\n<style>.ld_spacer_69d6b9541d3b9{height:17px;}<\/style>\n<div class=\"ld-empty-space ld_spacer_69d6b9541d3b9\"><span class=\"liquid_empty_space_inner\"><\/span><\/div><style>.ld_button_69d6b9541d4f3.btn-icon-solid .btn-icon{background:#0b1c47;}.ld_button_69d6b9541d4f3.btn-icon-circle.btn-icon-ripple .btn-icon:before{border-color:#0b1c47;}.ld_button_69d6b9541d4f3.btn-icon-solid:hover .btn-icon{background:#39b9bf;}.ld_button_69d6b9541d4f3 .btn-icon{color:#0b1c47;margin-right:9px !important;}.ld_button_69d6b9541d4f3{color:#0b1c47;font-size:14px !important;font-weight:600 !important;letter-spacing:0.02em !important;}.ld_button_69d6b9541d4f3:hover{color:#39b9bf;}.ld_button_69d6b9541d4f3:before{background:-webkit-linear-gradient(to right, #39b9bf 0%, #27689e 100%);background:linear-gradient(to right, #39b9bf 0%, #27689e 100%);}.ld_button_69d6b9541d4f3:after{background:-webkit-linear-gradient(to right, #0b1c47 0%, #27689e 100%);background:linear-gradient(to right, #0b1c47 0%, #27689e 100%);}.ld_button_69d6b9541d4f3.btn-bordered{border-color:#39b9bf;}.ld_button_69d6b9541d4f3.btn-bordered:hover{border-color:#0b1c47;}<\/style><a href=\"tel:+44(0)2038580235\" class=\"btn btn-underlined btn-bordered border-thin btn-bordered-gradient btn-icon-left ld_button_69d6b9541d4f3\">\n\t<span>\n\t\t\n\t\t\t\t\t<span class=\"btn-txt\">UK +44 (0)203 8580235<\/span>\n\t\t\t\n\t<span class=\"btn-icon\"><i class=\"icon-et-phone\"><\/i><\/span>\t\t\t<\/span>\n<\/a>\n<style>.ld_spacer_69d6b9541d6e8{height:17px;}<\/style>\n<div class=\"ld-empty-space ld_spacer_69d6b9541d6e8\"><span class=\"liquid_empty_space_inner\"><\/span><\/div><style>.ld_button_69d6b9541d7f4.btn-icon-solid .btn-icon{background:#0b1c47;}.ld_button_69d6b9541d7f4.btn-icon-circle.btn-icon-ripple .btn-icon:before{border-color:#0b1c47;}.ld_button_69d6b9541d7f4.btn-icon-solid:hover .btn-icon{background:#39b9bf;}.ld_button_69d6b9541d7f4 .btn-icon{color:#0b1c47;margin-right:9px !important;}.ld_button_69d6b9541d7f4{color:#0b1c47;font-size:14px !important;font-weight:600 !important;letter-spacing:0.02em !important;}.ld_button_69d6b9541d7f4:hover{color:#39b9bf;}.ld_button_69d6b9541d7f4:before{background:-webkit-linear-gradient(to right, #39b9bf 0%, #27689e 100%);background:linear-gradient(to right, #39b9bf 0%, #27689e 100%);}.ld_button_69d6b9541d7f4:after{background:-webkit-linear-gradient(to right, #0b1c47 0%, #27689e 100%);background:linear-gradient(to right, #0b1c47 0%, #27689e 100%);}.ld_button_69d6b9541d7f4.btn-bordered{border-color:#39b9bf;}.ld_button_69d6b9541d7f4.btn-bordered:hover{border-color:#0b1c47;}<\/style><a href=\"tel:3326001419\" class=\"btn btn-underlined btn-bordered border-thin btn-bordered-gradient btn-icon-left ld_button_69d6b9541d7f4\">\n\t<span>\n\t\t\n\t\t\t\t\t<span class=\"btn-txt\">US +1 332 6001419<\/span>\n\t\t\t\n\t<span class=\"btn-icon\"><i class=\"icon-et-phone\"><\/i><\/span>\t\t\t<\/span>\n<\/a>\n<style>.ld_spacer_69d6b9541d91f{height:17px;}<\/style>\n<div class=\"ld-empty-space ld_spacer_69d6b9541d91f\"><span class=\"liquid_empty_space_inner\"><\/span><\/div><style>.ld_spacer_69d6b9541d9b6{height:32px;}<\/style>\n<div class=\"ld-empty-space ld_spacer_69d6b9541d9b6\"><span class=\"liquid_empty_space_inner\"><\/span><\/div>[vc_column_text]<a href=\"https:\/\/www.google.com\/maps\/place\/The+Office+Group+-+1+Lyric+Square\/@51.4933961,-0.228976,17z\/data=!3m2!4b1!5s0x48760fb62dd8d531:0x8abd4d5cdcd7b26f!4m6!3m5!1s0x48760f88f751e07b:0x7d868abadfb24386!8m2!3d51.4933928!4d-0.2264011!16s%2Fg%2F11fjw4x7f5?entry=ttu\"><strong>Saint Martins House 1 Lyric Square Hammersmith London W6 0NB<\/strong><\/a>[\/vc_column_text]<style>.ld_spacer_69d6b9541da39{height:32px;}<\/style>\n<div class=\"ld-empty-space ld_spacer_69d6b9541da39\"><span class=\"liquid_empty_space_inner\"><\/span><\/div><ul class=\"social-icon social-icon-md ld_social_icons_69d6b9541dada\" id=ld_social_icons_69d6b9541dada>\n<li><a href=\"https:\/\/www.facebook.com\/convosphere\/\" target=\"_blank\" rel=\"nofollow\"><i class=\"fa fa-facebook\"><\/i><\/a><\/li><li><a href=\"https:\/\/twitter.com\/convosphere\" target=\"_blank\" rel=\"nofollow\"><i class=\"fa fa-twitter\"><\/i><\/a><\/li><li><a href=\"https:\/\/www.instagram.com\/convosphere\/\" target=\"_blank\" rel=\"nofollow\"><i class=\"fa fa-instagram\"><\/i><\/a><\/li><li><a href=\"https:\/\/www.linkedin.com\/company\/21376037\/\" target=\"_blank\" rel=\"nofollow\"><i class=\"fa fa-linkedin\"><\/i><\/a><\/li><\/ul><style>.ld_spacer_69d6b9541dbb1{height:62px;}<\/style>\n<div class=\"ld-empty-space ld_spacer_69d6b9541dbb1\"><span class=\"liquid_empty_space_inner\"><\/span><\/div>[\/vc_column_inner][vc_column_inner width=\u00bb2\/3&#8243; offset=\u00bbvc_col-md-offset-1 vc_col-md-7&#8243;][vc_raw_html]JTVCcXVmb3JtJTIwaWQlM0QlMjIzNSUyMiUyMG5hbWUlM0QlMjJDb250YWN0JTIwRm9ybSUyMC0lMjBTcGFuaXNoJTIyJTVE[\/vc_raw_html]<style>.ld_spacer_69d6b9541dc41{height:32px;}<\/style>\n<div class=\"ld-empty-space ld_spacer_69d6b9541dc41\"><span class=\"liquid_empty_space_inner\"><\/span><\/div>[\/vc_column_inner][\/vc_row_inner][\/vc_column][\/vc_row]<\/p>\n<\/div>","protected":false},"excerpt":{"rendered":"<p>[vc_row enable_gradient=\u00bbyes\u00bb enable_row_dividers=\u00bbyes\u00bb css=\u00bb.vc_custom_1601026932327{padding-top: 150px !important;padding-bottom: 170px !important;background-position: center !important;background-repeat: no-repeat !important;background-size: cover !important;}\u00bb gradient_bg=\u00bb-webkit-linear-gradient(65deg,&#8230;<\/p>\n","protected":false},"author":45,"featured_media":0,"parent":0,"menu_order":0,"comment_status":"closed","ping_status":"closed","template":"","meta":{"content-type":"","footnotes":""},"class_list":["post-21479","page","type-page","status-publish","hentry"],"yoast_head":"<!-- This site is optimized with the Yoast SEO plugin v27.3 - https:\/\/yoast.com\/product\/yoast-seo-wordpress\/ -->\n<title>Contacto - Convosphere<\/title>\n<meta name=\"robots\" content=\"index, follow, max-snippet:-1, max-image-preview:large, max-video-preview:-1\" \/>\n<link rel=\"canonical\" href=\"https:\/\/convosphere.com\/es\/wp-json\/wp\/v2\/pages\/21479\/\" \/>\n<meta property=\"og:locale\" content=\"es_ES\" \/>\n<meta property=\"og:type\" content=\"article\" \/>\n<meta property=\"og:title\" content=\"Contacto - Convosphere\" \/>\n<meta property=\"og:description\" content=\"[vc_row enable_gradient=\u00bbyes\u00bb enable_row_dividers=\u00bbyes\u00bb css=\u00bb.vc_custom_1601026932327{padding-top: 150px !important;padding-bottom: 170px !important;background-position: center !important;background-repeat: no-repeat !important;background-size: cover !important;}\u00bb gradient_bg=\u00bb-webkit-linear-gradient(65deg,...\" \/>\n<meta property=\"og:url\" content=\"https:\/\/convosphere.com\/es\/contacto\/\" \/>\n<meta property=\"og:site_name\" content=\"Convosphere\" \/>\n<meta property=\"article:publisher\" content=\"https:\/\/www.facebook.com\/convosphere\/\" \/>\n<meta property=\"article:modified_time\" content=\"2023-10-13T16:03:01+00:00\" \/>\n<meta name=\"twitter:card\" content=\"summary_large_image\" \/>\n<meta name=\"twitter:site\" content=\"@convosphere\" \/>\n<meta name=\"twitter:label1\" content=\"Tiempo de lectura\" \/>\n\t<meta name=\"twitter:data1\" content=\"2 minutos\" \/>\n<script type=\"application\/ld+json\" class=\"yoast-schema-graph\">{\"@context\":\"https:\\\/\\\/schema.org\",\"@graph\":[{\"@type\":\"WebPage\",\"@id\":\"https:\\\/\\\/convosphere.com\\\/es\\\/contacto\\\/\",\"url\":\"https:\\\/\\\/convosphere.com\\\/es\\\/contacto\\\/\",\"name\":\"Contacto - Convosphere\",\"isPartOf\":{\"@id\":\"https:\\\/\\\/convosphere.com\\\/es\\\/#website\"},\"datePublished\":\"2021-03-11T16:59:42+00:00\",\"dateModified\":\"2023-10-13T16:03:01+00:00\",\"breadcrumb\":{\"@id\":\"https:\\\/\\\/convosphere.com\\\/es\\\/contacto\\\/#breadcrumb\"},\"inLanguage\":\"es\",\"potentialAction\":[{\"@type\":\"ReadAction\",\"target\":[\"https:\\\/\\\/convosphere.com\\\/es\\\/contacto\\\/\"]}]},{\"@type\":\"BreadcrumbList\",\"@id\":\"https:\\\/\\\/convosphere.com\\\/es\\\/contacto\\\/#breadcrumb\",\"itemListElement\":[{\"@type\":\"ListItem\",\"position\":1,\"name\":\"Home\",\"item\":\"https:\\\/\\\/convosphere.com\\\/es\\\/\"},{\"@type\":\"ListItem\",\"position\":2,\"name\":\"Contacto\"}]},{\"@type\":\"WebSite\",\"@id\":\"https:\\\/\\\/convosphere.com\\\/es\\\/#website\",\"url\":\"https:\\\/\\\/convosphere.com\\\/es\\\/\",\"name\":\"Convosphere\",\"description\":\"Through human-led social media data analysis in 100+ languages, we deliver deep cultural insights that bring our global clients closer to local audiences.\",\"publisher\":{\"@id\":\"https:\\\/\\\/convosphere.com\\\/es\\\/#organization\"},\"potentialAction\":[{\"@type\":\"SearchAction\",\"target\":{\"@type\":\"EntryPoint\",\"urlTemplate\":\"https:\\\/\\\/convosphere.com\\\/es\\\/?s={search_term_string}\"},\"query-input\":{\"@type\":\"PropertyValueSpecification\",\"valueRequired\":true,\"valueName\":\"search_term_string\"}}],\"inLanguage\":\"es\"},{\"@type\":\"Organization\",\"@id\":\"https:\\\/\\\/convosphere.com\\\/es\\\/#organization\",\"name\":\"Convosphere\",\"url\":\"https:\\\/\\\/convosphere.com\\\/es\\\/\",\"logo\":{\"@type\":\"ImageObject\",\"inLanguage\":\"es\",\"@id\":\"https:\\\/\\\/convosphere.com\\\/es\\\/#\\\/schema\\\/logo\\\/image\\\/\",\"url\":\"https:\\\/\\\/convosphere.com\\\/wp-content\\\/uploads\\\/2021\\\/08\\\/Regular-final-logo-e1628097587633.jpg\",\"contentUrl\":\"https:\\\/\\\/convosphere.com\\\/wp-content\\\/uploads\\\/2021\\\/08\\\/Regular-final-logo-e1628097587633.jpg\",\"width\":500,\"height\":500,\"caption\":\"Convosphere\"},\"image\":{\"@id\":\"https:\\\/\\\/convosphere.com\\\/es\\\/#\\\/schema\\\/logo\\\/image\\\/\"},\"sameAs\":[\"https:\\\/\\\/www.facebook.com\\\/convosphere\\\/\",\"https:\\\/\\\/x.com\\\/convosphere\",\"https:\\\/\\\/www.instagram.com\\\/convosphere\\\/\",\"https:\\\/\\\/www.linkedin.com\\\/company\\\/convosphere-limited\\\/\"]}]}<\/script>\n<!-- \/ Yoast SEO plugin. -->","yoast_head_json":{"title":"Contacto - Convosphere","robots":{"index":"index","follow":"follow","max-snippet":"max-snippet:-1","max-image-preview":"max-image-preview:large","max-video-preview":"max-video-preview:-1"},"canonical":"https:\/\/convosphere.com\/es\/wp-json\/wp\/v2\/pages\/21479\/","og_locale":"es_ES","og_type":"article","og_title":"Contacto - Convosphere","og_description":"[vc_row enable_gradient=\u00bbyes\u00bb enable_row_dividers=\u00bbyes\u00bb css=\u00bb.vc_custom_1601026932327{padding-top: 150px !important;padding-bottom: 170px !important;background-position: center !important;background-repeat: no-repeat !important;background-size: cover !important;}\u00bb gradient_bg=\u00bb-webkit-linear-gradient(65deg,...","og_url":"https:\/\/convosphere.com\/es\/contacto\/","og_site_name":"Convosphere","article_publisher":"https:\/\/www.facebook.com\/convosphere\/","article_modified_time":"2023-10-13T16:03:01+00:00","twitter_card":"summary_large_image","twitter_site":"@convosphere","twitter_misc":{"Tiempo de lectura":"2 minutos"},"schema":{"@context":"https:\/\/schema.org","@graph":[{"@type":"WebPage","@id":"https:\/\/convosphere.com\/es\/contacto\/","url":"https:\/\/convosphere.com\/es\/contacto\/","name":"Contacto - Convosphere","isPartOf":{"@id":"https:\/\/convosphere.com\/es\/#website"},"datePublished":"2021-03-11T16:59:42+00:00","dateModified":"2023-10-13T16:03:01+00:00","breadcrumb":{"@id":"https:\/\/convosphere.com\/es\/contacto\/#breadcrumb"},"inLanguage":"es","potentialAction":[{"@type":"ReadAction","target":["https:\/\/convosphere.com\/es\/contacto\/"]}]},{"@type":"BreadcrumbList","@id":"https:\/\/convosphere.com\/es\/contacto\/#breadcrumb","itemListElement":[{"@type":"ListItem","position":1,"name":"Home","item":"https:\/\/convosphere.com\/es\/"},{"@type":"ListItem","position":2,"name":"Contacto"}]},{"@type":"WebSite","@id":"https:\/\/convosphere.com\/es\/#website","url":"https:\/\/convosphere.com\/es\/","name":"Convosphere","description":"Through human-led social media data analysis in 100+ languages, we deliver deep cultural insights that bring our global clients closer to local audiences.","publisher":{"@id":"https:\/\/convosphere.com\/es\/#organization"},"potentialAction":[{"@type":"SearchAction","target":{"@type":"EntryPoint","urlTemplate":"https:\/\/convosphere.com\/es\/?s={search_term_string}"},"query-input":{"@type":"PropertyValueSpecification","valueRequired":true,"valueName":"search_term_string"}}],"inLanguage":"es"},{"@type":"Organization","@id":"https:\/\/convosphere.com\/es\/#organization","name":"Convosphere","url":"https:\/\/convosphere.com\/es\/","logo":{"@type":"ImageObject","inLanguage":"es","@id":"https:\/\/convosphere.com\/es\/#\/schema\/logo\/image\/","url":"https:\/\/convosphere.com\/wp-content\/uploads\/2021\/08\/Regular-final-logo-e1628097587633.jpg","contentUrl":"https:\/\/convosphere.com\/wp-content\/uploads\/2021\/08\/Regular-final-logo-e1628097587633.jpg","width":500,"height":500,"caption":"Convosphere"},"image":{"@id":"https:\/\/convosphere.com\/es\/#\/schema\/logo\/image\/"},"sameAs":["https:\/\/www.facebook.com\/convosphere\/","https:\/\/x.com\/convosphere","https:\/\/www.instagram.com\/convosphere\/","https:\/\/www.linkedin.com\/company\/convosphere-limited\/"]}]}},"_links":{"self":[{"href":"https:\/\/convosphere.com\/es\/wp-json\/wp\/v2\/pages\/21479","targetHints":{"allow":["GET"]}}],"collection":[{"href":"https:\/\/convosphere.com\/es\/wp-json\/wp\/v2\/pages"}],"about":[{"href":"https:\/\/convosphere.com\/es\/wp-json\/wp\/v2\/types\/page"}],"author":[{"embeddable":true,"href":"https:\/\/convosphere.com\/es\/wp-json\/wp\/v2\/users\/45"}],"replies":[{"embeddable":true,"href":"https:\/\/convosphere.com\/es\/wp-json\/wp\/v2\/comments?post=21479"}],"version-history":[{"count":9,"href":"https:\/\/convosphere.com\/es\/wp-json\/wp\/v2\/pages\/21479\/revisions"}],"predecessor-version":[{"id":33963,"href":"https:\/\/convosphere.com\/es\/wp-json\/wp\/v2\/pages\/21479\/revisions\/33963"}],"wp:attachment":[{"href":"https:\/\/convosphere.com\/es\/wp-json\/wp\/v2\/media?parent=21479"}],"curies":[{"name":"wp","href":"https:\/\/api.w.org\/{rel}","templated":true}]}}