{"id":19140,"date":"2021-01-07T11:38:28","date_gmt":"2021-01-07T11:38:28","guid":{"rendered":"https:\/\/convosphere.com\/?page_id=19140"},"modified":"2023-10-13T15:59:39","modified_gmt":"2023-10-13T15:59:39","slug":"kontaktieren","status":"publish","type":"page","link":"https:\/\/convosphere.com\/de\/kontaktieren\/","title":{"rendered":"Kontaktieren"},"content":{"rendered":"<div class=\"wpb-content-wrapper\"><p>[vc_row enable_gradient=&#8220;yes&#8220; enable_row_dividers=&#8220;yes&#8220; css=&#8220;.vc_custom_1601026932327{padding-top: 150px !important;padding-bottom: 170px !important;background-position: center !important;background-repeat: no-repeat !important;background-size: cover !important;}&#8220; gradient_bg=&#8220;-webkit-linear-gradient(65deg, rgb(0, 163, 178) 0%, rgb(39, 104, 158) 100%)&#8220; responsive_css=&#8220;padding_top_medium:140px|padding_bottom_medium:170px&#8220; row_svg_divider=&#8220;bottom_shape_type:2|bottom_shape_color:%23f3f5f8|bottom_shape_height:90&#8243;][vc_column enable_content_animation=&#8220;yes&#8220; ca_init_scale_x=&#8220;1&#8243; ca_init_scale_y=&#8220;1&#8243; ca_init_scale_z=&#8220;1&#8243; ca_init_opacity=&#8220;0&#8243; ca_an_scale_x=&#8220;1&#8243; ca_an_scale_y=&#8220;1&#8243; ca_an_scale_z=&#8220;1&#8243; ca_an_opacity=&#8220;1&#8243; align=&#8220;text-center&#8220; offset=&#8220;vc_col-md-offset-2 vc_col-md-8&#8243; ca_duration=&#8220;1200&#8243; ca_delay=&#8220;150&#8243; ca_init_translate_y=&#8220;81&#8243; ca_init_rotate_z=&#8220;2&#8243; css=&#8220;.vc_custom_1590756709358{margin-top: -50px !important;}&#8220;]<style>.ld_fancy_heading_69e0cc00a9cc1 h1{color:rgb(255, 255, 255);}.ld_fancy_heading_69e0cc00a9cc1 .lqd-highlight-inner{height:0.275em;bottom:0px;}<\/style><div class=\"ld-fancy-heading ld_fancy_heading_69e0cc00a9cc1\">\n\t<h1 class=\"lqd-highlight-underline lqd-highlight-grow-left h1\" data-fittext=\"true\" data-fittext-options='{\"compressor\":0.5,\"maxFontSize\":\"currentFontSize\",\"minFontSize\":\"35\"}' data-split-text=\"true\" data-custom-animations=\"true\" data-ca-options='{\"triggerHandler\":\"inview\",\"animationTarget\":\".lqd-lines .split-inner\",\"duration\":700,\"delay\":100,\"easing\":\"easeOutQuint\",\"direction\":\"forward\",\"initValues\":{\"scale\":1},\"animations\":{\"scale\":1}}' data-split-options='{\"type\":\"lines\"}'><span class=\"ld-fh-txt\"> <b>Kontaktieren Sie uns<\/b><\/span><\/h1><\/div><style>.ld_fancy_heading_69e0cc00aa4d9 p{font-size:18px;line-height:1.764em;font-weight:600;color:rgba(255, 255, 255, 0.75);}.ld_fancy_heading_69e0cc00aa4d9 p {margin-bottom:3em !important;  } .ld_fancy_heading_69e0cc00aa4d9 .lqd-highlight-inner{height:0.275em;bottom:0px;}.ld_fancy_heading_69e0cc00aa4d9 p {margin-bottom:3em !important;  } <\/style><div class=\"ld-fancy-heading ld_fancy_heading_69e0cc00aa4d9\">\n\t<p class=\"lqd-highlight-underline lqd-highlight-grow-left\" data-split-text=\"true\" data-custom-animations=\"true\" data-ca-options='{\"triggerHandler\":\"inview\",\"animationTarget\":\".lqd-lines .split-inner\",\"duration\":700,\"delay\":100,\"easing\":\"easeOutQuint\",\"direction\":\"forward\",\"initValues\":{\"scale\":1},\"animations\":{\"scale\":1}}' data-split-options='{\"type\":\"lines\"}'><span class=\"ld-fh-txt\"> <span style=\"font-weight: 400\">Kontaktieren Sie uns noch heute, um ins Gespr\u00e4ch zu kommen. Rufen Sie uns an oder senden Sie eine E-Mail, um zu erfahren, wie wir Ihnen bei der Umsetzung Ihres n\u00e4chsten globalen Projekts helfen k\u00f6nnen.<\/span><\/span><\/p><\/div><style>.ld_button_69e0cc00aa9fd .btn-icon{color:rgb(255, 255, 255);font-size:30px;width:60px !important;height:60px !important;}.ld_button_69e0cc00aa9fd:hover .btn-icon{color:#0b1c47;}.ld_button_69e0cc00aa9fd.btn-icon-solid .btn-icon{background:rgba(255, 255, 255, 0);}.ld_button_69e0cc00aa9fd.btn-icon-solid:hover .btn-icon{background:rgba(255, 255, 255, 0.7);}.ld_button_69e0cc00aa9fd:hover{color:rgba(255, 255, 255, 0.7);}.ld_button_69e0cc00aa9fd:hover .btn-txt{background:-webkit-linear-gradient(to right, rgba(255, 255, 255, 0.7) 0%, rgba(255, 255, 255, 0.51) 100%);background:linear-gradient(to right, rgba(255, 255, 255, 0.7) 0%, rgba(255, 255, 255, 0.51) 100%);}.ld_button_69e0cc00aa9fd:hover:not(.btn-icon-solid) .btn-icon i{background:-webkit-linear-gradient(to right, rgba(255, 255, 255, 0.7) 0%, rgba(255, 255, 255, 0.51) 100%);background:linear-gradient(to right, rgba(255, 255, 255, 0.7) 0%, rgba(255, 255, 255, 0.51) 100%);}.ld_button_69e0cc00aa9fd.btn-icon-solid .btn-icon .btn-gradient-bg-hover{background:-webkit-linear-gradient(to right, rgba(255, 255, 255, 0.7) 0%, rgba(255, 255, 255, 0.51) 100%);background:linear-gradient(to right, rgba(255, 255, 255, 0.7) 0%, rgba(255, 255, 255, 0.51) 100%);}.ld_button_69e0cc00aa9fd{color:rgb(255, 255, 255);font-size:19px !important;letter-spacing:0.025em !important;}.ld_button_69e0cc00aa9fd.btn .btn-txt, .ld_button_69e0cc00aa9fd.btn .btn-txt{color:rgb(255, 255, 255);background:none;text-fill-color:currentcolor !important;-webkit-text-fill-color:currentcolor !important;background-clip:border-box !important;-webkit-background-clip:border-box !important;}<\/style><a href=\"#\" class=\"btn btn-naked btn-gradient btn-icon-block btn-icon-top btn-icon-custom-size btn-icon-circle btn-icon-solid btn-icon-ripple ld_button_69e0cc00aa9fd\" data-localscroll=\"true\" data-localscroll-options=\"{&quot;scrollBelowSection&quot;:true,&quot;scrollSpeed&quot;:&quot;300&quot;}\">\n\t<span>\n\t\t\n\t\t\t\n\t<span class=\"btn-icon\"><span class=\"btn-gradient-bg btn-gradient-bg-hover\"><\/span><i class=\"icon-ion-ios-arrow-down\"><\/i><\/span>\t\t\t<\/span>\n<\/a>\n[\/vc_column][\/vc_row][vc_row enable_content_animation=&#8220;yes&#8220; ca_init_scale_x=&#8220;1&#8243; ca_init_scale_y=&#8220;1&#8243; ca_init_scale_z=&#8220;1&#8243; ca_init_opacity=&#8220;0&#8243; ca_an_scale_x=&#8220;1&#8243; ca_an_scale_y=&#8220;1&#8243; ca_an_scale_z=&#8220;1&#8243; ca_an_opacity=&#8220;1&#8243; css=&#8220;.vc_custom_1590755797872{padding-top: 40px !important;padding-bottom: 60px !important;background-color: #f3f5f8 !important;}&#8220; ca_duration=&#8220;1200&#8243; ca_init_translate_y=&#8220;50&#8243; ca_init_rotate_x=&#8220;-85&#8243; ca_init_translate_z=&#8220;-151&#8243;][vc_column align=&#8220;text-center&#8220; css=&#8220;.vc_custom_1588934789305{padding-top: 40px !important;padding-bottom: 30px !important;background-position: center !important;background-repeat: no-repeat !important;background-size: cover !important;border-radius: 5px !important;}&#8220; gradient_bg_color=&#8220;-webkit-linear-gradient(65deg, rgb(0, 163, 178) 0%, rgb(39, 104, 158) 100%)&#8220;][vc_row_inner equal_height=&#8220;yes&#8220; content_placement=&#8220;middle&#8220;][vc_column_inner offset=&#8220;vc_col-md-offset-2 vc_col-md-2&#8243;]<style>.ld_spacer_69e0cc00aae52{height:30px;}<\/style>\n<div class=\"ld-empty-space ld_spacer_69e0cc00aae52\"><span class=\"liquid_empty_space_inner\"><\/span><\/div><style>.ld_icon_box_69e0cc00aaff7 .iconbox-icon-container{color:rgb(255, 255, 255);border-radius:px;}.ld_icon_box_69e0cc00aaff7 h3{margin-bottom:px;}.ld_icon_box_69e0cc00aaff7 .iconbox-icon-container img[src$=\".svg\"],.ld_icon_box_69e0cc00aaff7 .iconbox-icon-container object,.ld_icon_box_69e0cc00aaff7 .iconbox-icon-container > svg{width:60px !important;}<\/style>\n<div class=\"iconbox ld_icon_box_69e0cc00aaff7\" id=\"ld_icon_box_69e0cc00aaff7\"  data-animate-icon=\"true\" data-plugin-options='{\"color\":\"rgb(255, 255, 255)\"}'  >\n\t\n\t\t<div class=\"iconbox-icon-wrap\"><span class=\"iconbox-icon-container\"><?xml version=\"1.0\" encoding=\"utf-8\"?>\r\n<!-- Generator: Adobe Illustrator 16.0.0, SVG Export Plug-In . SVG Version: 6.00 Build 0)  -->\r\n<!DOCTYPE svg PUBLIC \"-\/\/W3C\/\/DTD SVG 1.1\/\/EN\" \"http:\/\/www.w3.org\/Graphics\/SVG\/1.1\/DTD\/svg11.dtd\">\r\n<svg version=\"1.1\" id=\"Layer_1\" xmlns=\"http:\/\/www.w3.org\/2000\/svg\" xmlns:xlink=\"http:\/\/www.w3.org\/1999\/xlink\" x=\"0px\" y=\"0px\"\r\n\t width=\"64px\" height=\"64px\" viewBox=\"0 0 64 64\" enable-background=\"new 0 0 64 64\" xml:space=\"preserve\">\r\n<polygon fill=\"none\" stroke=\"#000000\" stroke-width=\"2\" stroke-miterlimit=\"10\" points=\"32,47 63,47 63,5 1,5 1,47 18,47 18,59 \"\/>\r\n<line fill=\"none\" stroke=\"#000000\" stroke-width=\"2\" stroke-miterlimit=\"10\" x1=\"29\" y1=\"26\" x2=\"35\" y2=\"26\"\/>\r\n<line fill=\"none\" stroke=\"#000000\" stroke-width=\"2\" stroke-miterlimit=\"10\" x1=\"39\" y1=\"26\" x2=\"45\" y2=\"26\"\/>\r\n<line fill=\"none\" stroke=\"#000000\" stroke-width=\"2\" stroke-miterlimit=\"10\" x1=\"19\" y1=\"26\" x2=\"25\" y2=\"26\"\/>\r\n<\/svg>\r\n<\/span><\/div><!-- \/.iconbox-icon-wrap -->\t\n\t\t\n\t\t\n\t\t\t\t\n\t\t\n\t\n<\/div>\n[\/vc_column_inner][vc_column_inner align=&#8220;text-center&#8220; offset=&#8220;vc_col-md-6&#8243; responsive_align=&#8220;text-md-left&#8220;]<style>.ld_fancy_heading_69e0cc00bc236 p{font-size:21px;line-height:1.666em;letter-spacing:-0.025em;color:rgb(255, 255, 255);}.ld_fancy_heading_69e0cc00bc236 .lqd-highlight-inner{height:0.275em;bottom:0px;}<\/style><div class=\"ld-fancy-heading text-center ld_fancy_heading_69e0cc00bc236\">\n\t<p class=\"lqd-highlight-underline lqd-highlight-grow-left\" ><span class=\"ld-fh-txt\"> For an immediate response you can chat with us live now, by using the chat box in the lower right corner of your screen.<\/span><\/p><\/div>[\/vc_column_inner][\/vc_row_inner][\/vc_column][\/vc_row][vc_row css=&#8220;.vc_custom_1590755791069{padding-top: 80px !important;padding-bottom: 80px !important;}&#8220;][vc_column][vc_row_inner][vc_column_inner width=&#8220;1\/3&#8243;]<style>.ld_section_title_69e0cc00bc896 h2{font-size:42px;font-weight:700;margin-bottom:1px !important;;}<\/style><header class=\"fancy-title ld_section_title_69e0cc00bc896\">\n\t<h2>Melden Sie sich bei uns<\/h2>\t<p class=\"\">Haben Sie eine Frage oder m\u00f6chten Sie mehr erfahren, melden Sie sich noch heute bei uns.<\/p>\t<\/header><style>.ld_button_69e0cc00bca55.btn-icon-solid .btn-icon{background:#0b1c47;}.ld_button_69e0cc00bca55.btn-icon-circle.btn-icon-ripple .btn-icon:before{border-color:#0b1c47;}.ld_button_69e0cc00bca55.btn-icon-solid:hover .btn-icon{background:#39b9bf;}.ld_button_69e0cc00bca55 .btn-icon{color:#0b1c47;margin-right:9px !important;}.ld_button_69e0cc00bca55{color:#0b1c47;font-size:14px !important;font-weight:600 !important;letter-spacing:0.02em !important;}.ld_button_69e0cc00bca55:hover{color:#39b9bf;}.ld_button_69e0cc00bca55:before{background:-webkit-linear-gradient(to right, #39b9bf 0%, #27689e 100%);background:linear-gradient(to right, #39b9bf 0%, #27689e 100%);}.ld_button_69e0cc00bca55:after{background:-webkit-linear-gradient(to right, #0b1c47 0%, #27689e 100%);background:linear-gradient(to right, #0b1c47 0%, #27689e 100%);}.ld_button_69e0cc00bca55.btn-bordered{border-color:#39b9bf;}.ld_button_69e0cc00bca55.btn-bordered:hover{border-color:#0b1c47;}<\/style><a href=\"mailto:info@convosphere.com\" class=\"btn btn-underlined btn-bordered border-thin btn-bordered-gradient btn-icon-left ld_button_69e0cc00bca55\">\n\t<span>\n\t\t\n\t\t\t\t\t<span class=\"btn-txt\">info@convosphere.com<\/span>\n\t\t\t\n\t<span class=\"btn-icon\"><i class=\"icon-et-envelope\"><\/i><\/span>\t\t\t<\/span>\n<\/a>\n<style>.ld_spacer_69e0cc00bcf08{height:17px;}<\/style>\n<div class=\"ld-empty-space ld_spacer_69e0cc00bcf08\"><span class=\"liquid_empty_space_inner\"><\/span><\/div><style>.ld_button_69e0cc00bd018.btn-icon-solid .btn-icon{background:#0b1c47;}.ld_button_69e0cc00bd018.btn-icon-circle.btn-icon-ripple .btn-icon:before{border-color:#0b1c47;}.ld_button_69e0cc00bd018.btn-icon-solid:hover .btn-icon{background:#39b9bf;}.ld_button_69e0cc00bd018 .btn-icon{color:#0b1c47;margin-right:9px !important;}.ld_button_69e0cc00bd018{color:#0b1c47;font-size:14px !important;font-weight:600 !important;letter-spacing:0.02em !important;}.ld_button_69e0cc00bd018:hover{color:#39b9bf;}.ld_button_69e0cc00bd018:before{background:-webkit-linear-gradient(to right, #39b9bf 0%, #27689e 100%);background:linear-gradient(to right, #39b9bf 0%, #27689e 100%);}.ld_button_69e0cc00bd018:after{background:-webkit-linear-gradient(to right, #0b1c47 0%, #27689e 100%);background:linear-gradient(to right, #0b1c47 0%, #27689e 100%);}.ld_button_69e0cc00bd018.btn-bordered{border-color:#39b9bf;}.ld_button_69e0cc00bd018.btn-bordered:hover{border-color:#0b1c47;}<\/style><a href=\"tel:+44(0)2038580235\" class=\"btn btn-underlined btn-bordered border-thin btn-bordered-gradient btn-icon-left ld_button_69e0cc00bd018\">\n\t<span>\n\t\t\n\t\t\t\t\t<span class=\"btn-txt\">UK +44 (0)203 8580235<\/span>\n\t\t\t\n\t<span class=\"btn-icon\"><i class=\"icon-et-phone\"><\/i><\/span>\t\t\t<\/span>\n<\/a>\n<style>.ld_spacer_69e0cc00bd414{height:17px;}<\/style>\n<div class=\"ld-empty-space ld_spacer_69e0cc00bd414\"><span class=\"liquid_empty_space_inner\"><\/span><\/div><style>.ld_button_69e0cc00bd526.btn-icon-solid .btn-icon{background:#0b1c47;}.ld_button_69e0cc00bd526.btn-icon-circle.btn-icon-ripple .btn-icon:before{border-color:#0b1c47;}.ld_button_69e0cc00bd526.btn-icon-solid:hover .btn-icon{background:#39b9bf;}.ld_button_69e0cc00bd526 .btn-icon{color:#0b1c47;margin-right:9px !important;}.ld_button_69e0cc00bd526{color:#0b1c47;font-size:14px !important;font-weight:600 !important;letter-spacing:0.02em !important;}.ld_button_69e0cc00bd526:hover{color:#39b9bf;}.ld_button_69e0cc00bd526:before{background:-webkit-linear-gradient(to right, #39b9bf 0%, #27689e 100%);background:linear-gradient(to right, #39b9bf 0%, #27689e 100%);}.ld_button_69e0cc00bd526:after{background:-webkit-linear-gradient(to right, #0b1c47 0%, #27689e 100%);background:linear-gradient(to right, #0b1c47 0%, #27689e 100%);}.ld_button_69e0cc00bd526.btn-bordered{border-color:#39b9bf;}.ld_button_69e0cc00bd526.btn-bordered:hover{border-color:#0b1c47;}<\/style><a href=\"tel:+1843-377-1940\" class=\"btn btn-underlined btn-bordered border-thin btn-bordered-gradient btn-icon-left ld_button_69e0cc00bd526\">\n\t<span>\n\t\t\n\t\t\t\t\t<span class=\"btn-txt\">US +1 332 6001419<\/span>\n\t\t\t\n\t<span class=\"btn-icon\"><i class=\"icon-et-phone\"><\/i><\/span>\t\t\t<\/span>\n<\/a>\n<style>.ld_spacer_69e0cc00bd751{height:32px;}<\/style>\n<div class=\"ld-empty-space ld_spacer_69e0cc00bd751\"><span class=\"liquid_empty_space_inner\"><\/span><\/div>[vc_column_text]<a href=\"https:\/\/www.google.com\/maps\/place\/The+Office+Group+-+1+Lyric+Square\/@51.4933961,-0.228976,17z\/data=!3m2!4b1!5s0x48760fb62dd8d531:0x8abd4d5cdcd7b26f!4m6!3m5!1s0x48760f88f751e07b:0x7d868abadfb24386!8m2!3d51.4933928!4d-0.2264011!16s%2Fg%2F11fjw4x7f5?entry=ttu\"><span style=\"color: #1e1664;\"><strong>Saint Martins House 1 Lyric Square Hammersmith London W6 0NB<\/strong><\/span><\/a>[\/vc_column_text]<style>.ld_spacer_69e0cc00bd7ee{height:32px;}<\/style>\n<div class=\"ld-empty-space ld_spacer_69e0cc00bd7ee\"><span class=\"liquid_empty_space_inner\"><\/span><\/div><ul class=\"social-icon social-icon-md ld_social_icons_69e0cc00bd896\" id=ld_social_icons_69e0cc00bd896>\n<li><a href=\"https:\/\/www.facebook.com\/convosphere\/\" target=\"_blank\" rel=\"nofollow\"><i class=\"fa fa-facebook\"><\/i><\/a><\/li><li><a href=\"https:\/\/twitter.com\/convosphere\" target=\"_blank\" rel=\"nofollow\"><i class=\"fa fa-twitter\"><\/i><\/a><\/li><li><a href=\"https:\/\/www.instagram.com\/convosphere\/\" target=\"_blank\" rel=\"nofollow\"><i class=\"fa fa-instagram\"><\/i><\/a><\/li><li><a href=\"https:\/\/www.linkedin.com\/company\/21376037\/\" target=\"_blank\" rel=\"nofollow\"><i class=\"fa fa-linkedin\"><\/i><\/a><\/li><\/ul><style>.ld_spacer_69e0cc00bd986{height:62px;}<\/style>\n<div class=\"ld-empty-space ld_spacer_69e0cc00bd986\"><span class=\"liquid_empty_space_inner\"><\/span><\/div>[\/vc_column_inner][vc_column_inner width=&#8220;2\/3&#8243; offset=&#8220;vc_col-md-offset-1 vc_col-md-7&#8243;][vc_raw_html]JTVCcXVmb3JtJTIwaWQlM0QlMjIxNSUyMiUyMG5hbWUlM0QlMjJDb250YWN0JTIwRm9ybSUyMEdlcm1hbiUyMFZlcnNpb24lMjIlNUQ=[\/vc_raw_html]<style>.ld_spacer_69e0cc00bda0f{height:32px;}<\/style>\n<div class=\"ld-empty-space ld_spacer_69e0cc00bda0f\"><span class=\"liquid_empty_space_inner\"><\/span><\/div>[\/vc_column_inner][\/vc_row_inner][\/vc_column][\/vc_row]<\/p>\n<\/div>","protected":false},"excerpt":{"rendered":"<p>[vc_row enable_gradient=&#8220;yes&#8220; enable_row_dividers=&#8220;yes&#8220; css=&#8220;.vc_custom_1601026932327{padding-top: 150px !important;padding-bottom: 170px !important;background-position: center !important;background-repeat: no-repeat !important;background-size: cover !important;}&#8220; gradient_bg=&#8220;-webkit-linear-gradient(65deg,&#8230;<\/p>\n","protected":false},"author":45,"featured_media":0,"parent":0,"menu_order":0,"comment_status":"closed","ping_status":"closed","template":"","meta":{"content-type":"","footnotes":""},"class_list":["post-19140","page","type-page","status-publish","hentry"],"yoast_head":"<!-- This site is optimized with the Yoast SEO plugin v27.4 - https:\/\/yoast.com\/product\/yoast-seo-wordpress\/ -->\n<title>Kontaktieren - Convosphere<\/title>\n<meta name=\"robots\" content=\"index, follow, max-snippet:-1, max-image-preview:large, max-video-preview:-1\" \/>\n<link rel=\"canonical\" href=\"https:\/\/convosphere.com\/de\/wp-json\/wp\/v2\/pages\/19140\/\" \/>\n<meta property=\"og:locale\" content=\"de_DE\" \/>\n<meta property=\"og:type\" content=\"article\" \/>\n<meta property=\"og:title\" content=\"Kontaktieren - Convosphere\" \/>\n<meta property=\"og:description\" content=\"[vc_row enable_gradient=&#8220;yes&#8220; enable_row_dividers=&#8220;yes&#8220; css=&#8220;.vc_custom_1601026932327{padding-top: 150px !important;padding-bottom: 170px !important;background-position: center !important;background-repeat: no-repeat !important;background-size: cover !important;}&#8220; gradient_bg=&#8220;-webkit-linear-gradient(65deg,...\" \/>\n<meta property=\"og:url\" content=\"https:\/\/convosphere.com\/de\/kontaktieren\/\" \/>\n<meta property=\"og:site_name\" content=\"Convosphere\" \/>\n<meta property=\"article:publisher\" content=\"https:\/\/www.facebook.com\/convosphere\/\" \/>\n<meta property=\"article:modified_time\" content=\"2023-10-13T15:59:39+00:00\" \/>\n<meta name=\"twitter:card\" content=\"summary_large_image\" \/>\n<meta name=\"twitter:site\" content=\"@convosphere\" \/>\n<meta name=\"twitter:label1\" content=\"Gesch\u00e4tzte Lesezeit\" \/>\n\t<meta name=\"twitter:data1\" content=\"2\u00a0Minuten\" \/>\n<script type=\"application\/ld+json\" class=\"yoast-schema-graph\">{\"@context\":\"https:\\\/\\\/schema.org\",\"@graph\":[{\"@type\":\"WebPage\",\"@id\":\"https:\\\/\\\/convosphere.com\\\/de\\\/kontaktieren\\\/\",\"url\":\"https:\\\/\\\/convosphere.com\\\/de\\\/kontaktieren\\\/\",\"name\":\"Kontaktieren - Convosphere\",\"isPartOf\":{\"@id\":\"https:\\\/\\\/convosphere.com\\\/de\\\/#website\"},\"datePublished\":\"2021-01-07T11:38:28+00:00\",\"dateModified\":\"2023-10-13T15:59:39+00:00\",\"breadcrumb\":{\"@id\":\"https:\\\/\\\/convosphere.com\\\/de\\\/kontaktieren\\\/#breadcrumb\"},\"inLanguage\":\"de\",\"potentialAction\":[{\"@type\":\"ReadAction\",\"target\":[\"https:\\\/\\\/convosphere.com\\\/de\\\/kontaktieren\\\/\"]}]},{\"@type\":\"BreadcrumbList\",\"@id\":\"https:\\\/\\\/convosphere.com\\\/de\\\/kontaktieren\\\/#breadcrumb\",\"itemListElement\":[{\"@type\":\"ListItem\",\"position\":1,\"name\":\"Home\",\"item\":\"https:\\\/\\\/convosphere.com\\\/de\\\/\"},{\"@type\":\"ListItem\",\"position\":2,\"name\":\"Kontaktieren\"}]},{\"@type\":\"WebSite\",\"@id\":\"https:\\\/\\\/convosphere.com\\\/de\\\/#website\",\"url\":\"https:\\\/\\\/convosphere.com\\\/de\\\/\",\"name\":\"Convosphere\",\"description\":\"Through human-led social media data analysis in 100+ languages, we deliver deep cultural insights that bring our global clients closer to local audiences.\",\"publisher\":{\"@id\":\"https:\\\/\\\/convosphere.com\\\/de\\\/#organization\"},\"potentialAction\":[{\"@type\":\"SearchAction\",\"target\":{\"@type\":\"EntryPoint\",\"urlTemplate\":\"https:\\\/\\\/convosphere.com\\\/de\\\/?s={search_term_string}\"},\"query-input\":{\"@type\":\"PropertyValueSpecification\",\"valueRequired\":true,\"valueName\":\"search_term_string\"}}],\"inLanguage\":\"de\"},{\"@type\":\"Organization\",\"@id\":\"https:\\\/\\\/convosphere.com\\\/de\\\/#organization\",\"name\":\"Convosphere\",\"url\":\"https:\\\/\\\/convosphere.com\\\/de\\\/\",\"logo\":{\"@type\":\"ImageObject\",\"inLanguage\":\"de\",\"@id\":\"https:\\\/\\\/convosphere.com\\\/de\\\/#\\\/schema\\\/logo\\\/image\\\/\",\"url\":\"https:\\\/\\\/convosphere.com\\\/wp-content\\\/uploads\\\/2021\\\/08\\\/Regular-final-logo-e1628097587633.jpg\",\"contentUrl\":\"https:\\\/\\\/convosphere.com\\\/wp-content\\\/uploads\\\/2021\\\/08\\\/Regular-final-logo-e1628097587633.jpg\",\"width\":500,\"height\":500,\"caption\":\"Convosphere\"},\"image\":{\"@id\":\"https:\\\/\\\/convosphere.com\\\/de\\\/#\\\/schema\\\/logo\\\/image\\\/\"},\"sameAs\":[\"https:\\\/\\\/www.facebook.com\\\/convosphere\\\/\",\"https:\\\/\\\/x.com\\\/convosphere\",\"https:\\\/\\\/www.instagram.com\\\/convosphere\\\/\",\"https:\\\/\\\/www.linkedin.com\\\/company\\\/convosphere-limited\\\/\"]}]}<\/script>\n<!-- \/ Yoast SEO plugin. -->","yoast_head_json":{"title":"Kontaktieren - Convosphere","robots":{"index":"index","follow":"follow","max-snippet":"max-snippet:-1","max-image-preview":"max-image-preview:large","max-video-preview":"max-video-preview:-1"},"canonical":"https:\/\/convosphere.com\/de\/wp-json\/wp\/v2\/pages\/19140\/","og_locale":"de_DE","og_type":"article","og_title":"Kontaktieren - Convosphere","og_description":"[vc_row enable_gradient=&#8220;yes&#8220; enable_row_dividers=&#8220;yes&#8220; css=&#8220;.vc_custom_1601026932327{padding-top: 150px !important;padding-bottom: 170px !important;background-position: center !important;background-repeat: no-repeat !important;background-size: cover !important;}&#8220; gradient_bg=&#8220;-webkit-linear-gradient(65deg,...","og_url":"https:\/\/convosphere.com\/de\/kontaktieren\/","og_site_name":"Convosphere","article_publisher":"https:\/\/www.facebook.com\/convosphere\/","article_modified_time":"2023-10-13T15:59:39+00:00","twitter_card":"summary_large_image","twitter_site":"@convosphere","twitter_misc":{"Gesch\u00e4tzte Lesezeit":"2\u00a0Minuten"},"schema":{"@context":"https:\/\/schema.org","@graph":[{"@type":"WebPage","@id":"https:\/\/convosphere.com\/de\/kontaktieren\/","url":"https:\/\/convosphere.com\/de\/kontaktieren\/","name":"Kontaktieren - Convosphere","isPartOf":{"@id":"https:\/\/convosphere.com\/de\/#website"},"datePublished":"2021-01-07T11:38:28+00:00","dateModified":"2023-10-13T15:59:39+00:00","breadcrumb":{"@id":"https:\/\/convosphere.com\/de\/kontaktieren\/#breadcrumb"},"inLanguage":"de","potentialAction":[{"@type":"ReadAction","target":["https:\/\/convosphere.com\/de\/kontaktieren\/"]}]},{"@type":"BreadcrumbList","@id":"https:\/\/convosphere.com\/de\/kontaktieren\/#breadcrumb","itemListElement":[{"@type":"ListItem","position":1,"name":"Home","item":"https:\/\/convosphere.com\/de\/"},{"@type":"ListItem","position":2,"name":"Kontaktieren"}]},{"@type":"WebSite","@id":"https:\/\/convosphere.com\/de\/#website","url":"https:\/\/convosphere.com\/de\/","name":"Convosphere","description":"Through human-led social media data analysis in 100+ languages, we deliver deep cultural insights that bring our global clients closer to local audiences.","publisher":{"@id":"https:\/\/convosphere.com\/de\/#organization"},"potentialAction":[{"@type":"SearchAction","target":{"@type":"EntryPoint","urlTemplate":"https:\/\/convosphere.com\/de\/?s={search_term_string}"},"query-input":{"@type":"PropertyValueSpecification","valueRequired":true,"valueName":"search_term_string"}}],"inLanguage":"de"},{"@type":"Organization","@id":"https:\/\/convosphere.com\/de\/#organization","name":"Convosphere","url":"https:\/\/convosphere.com\/de\/","logo":{"@type":"ImageObject","inLanguage":"de","@id":"https:\/\/convosphere.com\/de\/#\/schema\/logo\/image\/","url":"https:\/\/convosphere.com\/wp-content\/uploads\/2021\/08\/Regular-final-logo-e1628097587633.jpg","contentUrl":"https:\/\/convosphere.com\/wp-content\/uploads\/2021\/08\/Regular-final-logo-e1628097587633.jpg","width":500,"height":500,"caption":"Convosphere"},"image":{"@id":"https:\/\/convosphere.com\/de\/#\/schema\/logo\/image\/"},"sameAs":["https:\/\/www.facebook.com\/convosphere\/","https:\/\/x.com\/convosphere","https:\/\/www.instagram.com\/convosphere\/","https:\/\/www.linkedin.com\/company\/convosphere-limited\/"]}]}},"_links":{"self":[{"href":"https:\/\/convosphere.com\/de\/wp-json\/wp\/v2\/pages\/19140","targetHints":{"allow":["GET"]}}],"collection":[{"href":"https:\/\/convosphere.com\/de\/wp-json\/wp\/v2\/pages"}],"about":[{"href":"https:\/\/convosphere.com\/de\/wp-json\/wp\/v2\/types\/page"}],"author":[{"embeddable":true,"href":"https:\/\/convosphere.com\/de\/wp-json\/wp\/v2\/users\/45"}],"replies":[{"embeddable":true,"href":"https:\/\/convosphere.com\/de\/wp-json\/wp\/v2\/comments?post=19140"}],"version-history":[{"count":8,"href":"https:\/\/convosphere.com\/de\/wp-json\/wp\/v2\/pages\/19140\/revisions"}],"predecessor-version":[{"id":33962,"href":"https:\/\/convosphere.com\/de\/wp-json\/wp\/v2\/pages\/19140\/revisions\/33962"}],"wp:attachment":[{"href":"https:\/\/convosphere.com\/de\/wp-json\/wp\/v2\/media?parent=19140"}],"curies":[{"name":"wp","href":"https:\/\/api.w.org\/{rel}","templated":true}]}}